{"id":20,"date":"2016-11-21T18:45:42","date_gmt":"2016-11-21T18:45:42","guid":{"rendered":"http:\/\/haanstra4p.nl\/?page_id=20"},"modified":"2017-02-18T08:49:22","modified_gmt":"2017-02-18T08:49:22","slug":"havlickuv-brod","status":"publish","type":"page","link":"http:\/\/haanstra4p.nl\/?page_id=20","title":{"rendered":"Havlickuv Brod Brielle"},"content":{"rendered":"<p>Nieuws van de jumelage Havl\u00ed\u010dk\u016fv Brod Brielle<\/p>\n<p><img loading=\"lazy\" decoding=\"async\" class=\"alignnone wp-image-14\" src=\"http:\/\/haanstra4p.nl\/wp-content\/uploads\/2016\/05\/DSC07710-300x200.jpg\" alt=\"dsc07710\" width=\"329\" height=\"219\" \/><\/p>\n<p>Zie ook de <a href=\"http:\/\/www.hbbc.nl\" target=\"_blank\">HBBC website <\/a><\/p>\n","protected":false},"excerpt":{"rendered":"<p>Nieuws van de jumelage Havl\u00ed\u010dk\u016fv Brod Brielle Zie ook de HBBC website<\/p>\n","protected":false},"author":1,"featured_media":0,"parent":0,"menu_order":2,"comment_status":"closed","ping_status":"closed","template":"","meta":{"footnotes":""},"class_list":["post-20","page","type-page","status-publish","hentry"],"_links":{"self":[{"href":"http:\/\/haanstra4p.nl\/index.php?rest_route=\/wp\/v2\/pages\/20","targetHints":{"allow":["GET"]}}],"collection":[{"href":"http:\/\/haanstra4p.nl\/index.php?rest_route=\/wp\/v2\/pages"}],"about":[{"href":"http:\/\/haanstra4p.nl\/index.php?rest_route=\/wp\/v2\/types\/page"}],"author":[{"embeddable":true,"href":"http:\/\/haanstra4p.nl\/index.php?rest_route=\/wp\/v2\/users\/1"}],"replies":[{"embeddable":true,"href":"http:\/\/haanstra4p.nl\/index.php?rest_route=%2Fwp%2Fv2%2Fcomments&post=20"}],"version-history":[{"count":3,"href":"http:\/\/haanstra4p.nl\/index.php?rest_route=\/wp\/v2\/pages\/20\/revisions"}],"predecessor-version":[{"id":53,"href":"http:\/\/haanstra4p.nl\/index.php?rest_route=\/wp\/v2\/pages\/20\/revisions\/53"}],"wp:attachment":[{"href":"http:\/\/haanstra4p.nl\/index.php?rest_route=%2Fwp%2Fv2%2Fmedia&parent=20"}],"curies":[{"name":"wp","href":"https:\/\/api.w.org\/{rel}","templated":true}]}}